{"id":2,"date":"2023-07-26T19:24:46","date_gmt":"2023-07-26T17:24:46","guid":{"rendered":"https:\/\/www.upstart.cz\/?page_id=2"},"modified":"2023-07-27T17:14:54","modified_gmt":"2023-07-27T15:14:54","slug":"o-nasupstart-capital-s-r-o-o-nas-podielame-sa-s-vami-na-uspechu-vasich-napadov-technogii-a-projektoch","status":"publish","type":"page","link":"https:\/\/www.upstart.cz\/?page_id=2","title":{"rendered":"O n\u00e1s"},"content":{"rendered":"\n<p>Upstart je popredn\u00fdm technologick\u00fdm hr\u00e1\u010dom trhu financovania start uppov\u00fdch projektov.<\/p>\n\n\n\n<p>po\u017ei\u010diavania AI, techn\u00f3gie a v\u00fdvoja technologick\u00fdch apl\u00edkaci\u00ed pre r\u00f4zne business segmenty.<\/p>\n\n\n\n<p><br>Sp\u00e1jame mili\u00f3ny spotrebite\u013eov s takmer 100 investormi a \u00faverov\u00fdmi zdru\u017eeniami, ktor\u00e9 vyu\u017e\u00edvaj\u00fa modely umelej inteligencie a cloudov\u00e9 aplik\u00e1cie Upstart na poskytovanie \u0161pi\u010dkov\u00fdch produktov financovania Va\u015bich projektov a poskytovanie  technol\u00f3gii potrebnej na na\u0161tartovanie Va\u0161eho businesu. Na\u0161a platforma zah\u0155\u0148a osobn\u00e9 projekty, automobilov\u00e9 maloobchodn\u00e9 a refinan\u010dn\u00e9 projekty, mal\u00e9 dol\u00e1rov\u00e9 \u201e\u00fa\u013eavov\u00e9\u201c invest\u00edcie.<\/p>\n","protected":false},"excerpt":{"rendered":"<p>Upstart je popredn\u00fdm technologick\u00fdm hr\u00e1\u010dom trhu financovania start uppov\u00fdch projektov. po\u017ei\u010diavania AI, techn\u00f3gie a v\u00fdvoja technologick\u00fdch apl\u00edkaci\u00ed pre r\u00f4zne business segmenty. Sp\u00e1jame mili\u00f3ny spotrebite\u013eov s takmer 100 investormi a \u00faverov\u00fdmi zdru\u017eeniami, ktor\u00e9 vyu\u017e\u00edvaj\u00fa modely umelej inteligencie a cloudov\u00e9 aplik\u00e1cie Upstart na poskytovanie \u0161pi\u010dkov\u00fdch produktov financovania Va\u015bich projektov a poskytovanie technol\u00f3gii potrebnej na na\u0161tartovanie Va\u0161eho businesu. [&hellip;]<\/p>\n","protected":false},"author":1,"featured_media":0,"parent":0,"menu_order":0,"comment_status":"closed","ping_status":"open","template":"","meta":{"_monsterinsights_skip_tracking":false,"_monsterinsights_sitenote_active":false,"_monsterinsights_sitenote_note":"","_monsterinsights_sitenote_category":0},"yoast_head":"<!-- This site is optimized with the Yoast SEO plugin v20.12 - https:\/\/yoast.com\/wordpress\/plugins\/seo\/ -->\n<title>O n\u00e1s - Upstart Capital s.r.o.<\/title>\n<meta name=\"description\" content=\"Upstart Capital s.r.o - o n\u00e1s - podielame sa s Vami n\u00e1 \u00faspechu Va\u0161ich N\u00e1padov , techn\u00f3gii a projektoch % %\" \/>\n<meta name=\"robots\" content=\"index, follow, max-snippet:-1, max-image-preview:large, max-video-preview:-1\" \/>\n<link rel=\"canonical\" href=\"https:\/\/www.upstart.cz\/?page_id=2\" \/>\n<meta property=\"og:locale\" content=\"sk_SK\" \/>\n<meta property=\"og:type\" content=\"article\" \/>\n<meta property=\"og:title\" content=\"O n\u00e1s - Upstart Capital s.r.o.\" \/>\n<meta property=\"og:description\" content=\"Upstart Capital s.r.o - o n\u00e1s - podielame sa s Vami n\u00e1 \u00faspechu Va\u0161ich N\u00e1padov , techn\u00f3gii a projektoch % %\" \/>\n<meta property=\"og:url\" content=\"https:\/\/www.upstart.cz\/?page_id=2\" \/>\n<meta property=\"og:site_name\" content=\"Upstart Capital s.r.o.\" \/>\n<meta property=\"article:modified_time\" content=\"2023-07-27T15:14:54+00:00\" \/>\n<meta name=\"twitter:card\" content=\"summary_large_image\" \/>\n<meta name=\"twitter:label1\" content=\"Predpokladan\u00fd \u010das \u010d\u00edtania\" \/>\n\t<meta name=\"twitter:data1\" content=\"1 min\u00fata\" \/>\n<script type=\"application\/ld+json\" class=\"yoast-schema-graph\">{\"@context\":\"https:\/\/schema.org\",\"@graph\":[{\"@type\":\"WebPage\",\"@id\":\"https:\/\/www.upstart.cz\/?page_id=2\",\"url\":\"https:\/\/www.upstart.cz\/?page_id=2\",\"name\":\"O n\u00e1s - Upstart Capital s.r.o.\",\"isPartOf\":{\"@id\":\"https:\/\/www.upstart.cz\/#website\"},\"datePublished\":\"2023-07-26T17:24:46+00:00\",\"dateModified\":\"2023-07-27T15:14:54+00:00\",\"description\":\"Upstart Capital s.r.o - o n\u00e1s - podielame sa s Vami n\u00e1 \u00faspechu Va\u0161ich N\u00e1padov , techn\u00f3gii a projektoch % %\",\"breadcrumb\":{\"@id\":\"https:\/\/www.upstart.cz\/?page_id=2#breadcrumb\"},\"inLanguage\":\"sk-SK\",\"potentialAction\":[{\"@type\":\"ReadAction\",\"target\":[\"https:\/\/www.upstart.cz\/?page_id=2\"]}]},{\"@type\":\"BreadcrumbList\",\"@id\":\"https:\/\/www.upstart.cz\/?page_id=2#breadcrumb\",\"itemListElement\":[{\"@type\":\"ListItem\",\"position\":1,\"name\":\"Home\",\"item\":\"https:\/\/www.upstart.cz\/\"},{\"@type\":\"ListItem\",\"position\":2,\"name\":\"O n\u00e1s\"}]},{\"@type\":\"WebSite\",\"@id\":\"https:\/\/www.upstart.cz\/#website\",\"url\":\"https:\/\/www.upstart.cz\/\",\"name\":\"Upstart Capital s.r.o.\",\"description\":\"hello@upstart.cz\",\"potentialAction\":[{\"@type\":\"SearchAction\",\"target\":{\"@type\":\"EntryPoint\",\"urlTemplate\":\"https:\/\/www.upstart.cz\/?s={search_term_string}\"},\"query-input\":\"required name=search_term_string\"}],\"inLanguage\":\"sk-SK\"}]}<\/script>\n<!-- \/ Yoast SEO plugin. -->","yoast_head_json":{"title":"O n\u00e1s - Upstart Capital s.r.o.","description":"Upstart Capital s.r.o - o n\u00e1s - podielame sa s Vami n\u00e1 \u00faspechu Va\u0161ich N\u00e1padov , techn\u00f3gii a projektoch % %","robots":{"index":"index","follow":"follow","max-snippet":"max-snippet:-1","max-image-preview":"max-image-preview:large","max-video-preview":"max-video-preview:-1"},"canonical":"https:\/\/www.upstart.cz\/?page_id=2","og_locale":"sk_SK","og_type":"article","og_title":"O n\u00e1s - Upstart Capital s.r.o.","og_description":"Upstart Capital s.r.o - o n\u00e1s - podielame sa s Vami n\u00e1 \u00faspechu Va\u0161ich N\u00e1padov , techn\u00f3gii a projektoch % %","og_url":"https:\/\/www.upstart.cz\/?page_id=2","og_site_name":"Upstart Capital s.r.o.","article_modified_time":"2023-07-27T15:14:54+00:00","twitter_card":"summary_large_image","twitter_misc":{"Predpokladan\u00fd \u010das \u010d\u00edtania":"1 min\u00fata"},"schema":{"@context":"https:\/\/schema.org","@graph":[{"@type":"WebPage","@id":"https:\/\/www.upstart.cz\/?page_id=2","url":"https:\/\/www.upstart.cz\/?page_id=2","name":"O n\u00e1s - Upstart Capital s.r.o.","isPartOf":{"@id":"https:\/\/www.upstart.cz\/#website"},"datePublished":"2023-07-26T17:24:46+00:00","dateModified":"2023-07-27T15:14:54+00:00","description":"Upstart Capital s.r.o - o n\u00e1s - podielame sa s Vami n\u00e1 \u00faspechu Va\u0161ich N\u00e1padov , techn\u00f3gii a projektoch % %","breadcrumb":{"@id":"https:\/\/www.upstart.cz\/?page_id=2#breadcrumb"},"inLanguage":"sk-SK","potentialAction":[{"@type":"ReadAction","target":["https:\/\/www.upstart.cz\/?page_id=2"]}]},{"@type":"BreadcrumbList","@id":"https:\/\/www.upstart.cz\/?page_id=2#breadcrumb","itemListElement":[{"@type":"ListItem","position":1,"name":"Home","item":"https:\/\/www.upstart.cz\/"},{"@type":"ListItem","position":2,"name":"O n\u00e1s"}]},{"@type":"WebSite","@id":"https:\/\/www.upstart.cz\/#website","url":"https:\/\/www.upstart.cz\/","name":"Upstart Capital s.r.o.","description":"hello@upstart.cz","potentialAction":[{"@type":"SearchAction","target":{"@type":"EntryPoint","urlTemplate":"https:\/\/www.upstart.cz\/?s={search_term_string}"},"query-input":"required name=search_term_string"}],"inLanguage":"sk-SK"}]}},"_links":{"self":[{"href":"https:\/\/www.upstart.cz\/index.php?rest_route=\/wp\/v2\/pages\/2"}],"collection":[{"href":"https:\/\/www.upstart.cz\/index.php?rest_route=\/wp\/v2\/pages"}],"about":[{"href":"https:\/\/www.upstart.cz\/index.php?rest_route=\/wp\/v2\/types\/page"}],"author":[{"embeddable":true,"href":"https:\/\/www.upstart.cz\/index.php?rest_route=\/wp\/v2\/users\/1"}],"replies":[{"embeddable":true,"href":"https:\/\/www.upstart.cz\/index.php?rest_route=%2Fwp%2Fv2%2Fcomments&post=2"}],"version-history":[{"count":3,"href":"https:\/\/www.upstart.cz\/index.php?rest_route=\/wp\/v2\/pages\/2\/revisions"}],"predecessor-version":[{"id":25,"href":"https:\/\/www.upstart.cz\/index.php?rest_route=\/wp\/v2\/pages\/2\/revisions\/25"}],"wp:attachment":[{"href":"https:\/\/www.upstart.cz\/index.php?rest_route=%2Fwp%2Fv2%2Fmedia&parent=2"}],"curies":[{"name":"wp","href":"https:\/\/api.w.org\/{rel}","templated":true}]}}